{"id":847,"date":"2015-09-22T19:53:34","date_gmt":"2015-09-22T19:53:34","guid":{"rendered":"http:\/\/avada.theme-fusion.com\/church\/?page_id=847"},"modified":"2024-09-18T11:47:31","modified_gmt":"2024-09-18T11:47:31","slug":"kapcsolat","status":"publish","type":"page","link":"https:\/\/www.agroderby.sk\/hu\/kapcsolat\/","title":{"rendered":"Kapcsolat"},"content":{"rendered":"<p><div class=\"fusion-fullwidth fullwidth-box fusion-builder-row-1 google-map hundred-percent-fullwidth non-hundred-percent-height-scrolling fusion-equal-height-columns\" style=\"--awb-background-position:left top;--awb-border-radius-top-left:0px;--awb-border-radius-top-right:0px;--awb-border-radius-bottom-right:0px;--awb-border-radius-bottom-left:0px;--awb-padding-top:0px;--awb-padding-right:0px;--awb-padding-bottom:0px;--awb-padding-left:0px;--awb-background-color:#ffffff;--awb-border-sizes-top:0px;--awb-border-sizes-bottom:0px;--awb-flex-wrap:wrap;\" ><div class=\"fusion-builder-row fusion-row\"><div class=\"fusion-layout-column fusion_builder_column fusion-builder-column-0 fusion_builder_column_1_1 1_1 fusion-one-full fusion-column-first fusion-column-last fusion-column-no-min-height\" style=\"--awb-bg-size:cover;\"><div class=\"fusion-column-wrapper fusion-flex-column-wrapper-legacy\"><div class=\"fusion-text fusion-text-1\"><p><iframe style=\"border: 0;\" src=\"https:\/\/www.google.com\/maps\/embed?pb=!1m18!1m12!1m3!1d87162.71009393553!2d20.19488054453039!3d48.4509186107119!2m3!1f0!2f0!3f0!3m2!1i1024!2i768!4f13.1!3m3!1m2!1s0x473f93e39a7a0091%3A0xed5bd7c08d7ffb4e!2sAgro-+derby+s.r.o.!5e0!3m2!1ssk!2ssk!4v1486721128569\" width=\"100%\" height=\"400\" frameborder=\"0\" allowfullscreen=\"allowfullscreen\"><\/iframe><\/p>\n<\/div><div class=\"fusion-clearfix\"><\/div><\/div><\/div><\/div><\/div><div class=\"fusion-fullwidth fullwidth-box fusion-builder-row-2 kontakt-text nonhundred-percent-fullwidth non-hundred-percent-height-scrolling\" style=\"--awb-border-radius-top-left:0px;--awb-border-radius-top-right:0px;--awb-border-radius-bottom-right:0px;--awb-border-radius-bottom-left:0px;--awb-padding-top:90px;--awb-padding-bottom:90px;--awb-background-color:transparent;--awb-border-sizes-top:0px;--awb-border-sizes-bottom:0px;--awb-flex-wrap:wrap;\" ><div class=\"fusion-builder-row fusion-row\"><div class=\"fusion-layout-column fusion_builder_column fusion-builder-column-1 fusion_builder_column_1_1 1_1 fusion-one-full fusion-column-first fusion-column-last fusion-animated\" style=\"--awb-bg-size:cover;\" data-animationType=\"slideInUp\" data-animationDuration=\"1\" data-animationOffset=\"top-mid-of-view\"><div class=\"fusion-column-wrapper fusion-flex-column-wrapper-legacy\"><div class=\"fusion-text fusion-text-2\"><h2 style=\"color: white;\">L\u00e9pjen vel\u00fcnk kapcsolatba!<\/h2>\n<p><span style=\"color: white;\">K\u00e9rd\u00e9se van? \u00cdrjon nek\u00fcnk! Ha e-mailen kereszt\u00fcl k\u00edv\u00e1n kapcsolatba l\u00e9pni vel\u00fcnk, k\u00e9rj\u00fck, haszn\u00e1lja az al\u00e1bbi \u0171rlapot. Munkat\u00e1rsaink hamarosan v\u00e1laszolnak \u00fczenet\u00e9re. <\/span><\/p>\n<\/div><div class=\"fusion-sep-clear\"><\/div><div class=\"fusion-separator fusion-full-width-sep\" style=\"margin-left: auto;margin-right: auto;margin-top:10px;width:100%;\"><\/div><div class=\"fusion-sep-clear\"><\/div><div class=\"fusion-text fusion-text-3\">\n<div class=\"wpcf7 no-js\" id=\"wpcf7-f1354-o1\" lang=\"sk-SK\" dir=\"ltr\">\n<div class=\"screen-reader-response\"><p role=\"status\" aria-live=\"polite\" aria-atomic=\"true\"><\/p> <ul><\/ul><\/div>\n<form action=\"\/hu\/wp-json\/wp\/v2\/pages\/847#wpcf7-f1354-o1\" method=\"post\" class=\"wpcf7-form init\" aria-label=\"Kontaktn\u00fd formul\u00e1r\" novalidate=\"novalidate\" data-status=\"init\">\n<div style=\"display: none;\">\n<input type=\"hidden\" name=\"_wpcf7\" value=\"1354\" \/>\n<input type=\"hidden\" name=\"_wpcf7_version\" value=\"5.9.8\" \/>\n<input type=\"hidden\" name=\"_wpcf7_locale\" value=\"sk_SK\" \/>\n<input type=\"hidden\" name=\"_wpcf7_unit_tag\" value=\"wpcf7-f1354-o1\" \/>\n<input type=\"hidden\" name=\"_wpcf7_container_post\" value=\"0\" \/>\n<input type=\"hidden\" name=\"_wpcf7_posted_data_hash\" value=\"\" \/>\n<input type=\"hidden\" name=\"_wpcf7_recaptcha_response\" value=\"\" \/>\n<\/div>\n<p>N\u00e9v (k\u00f6telez\u0151)\n<\/p>\n<p><span class=\"wpcf7-form-control-wrap\" data-name=\"your-name\"><input size=\"40\" maxlength=\"400\" class=\"wpcf7-form-control wpcf7-text wpcf7-validates-as-required\" aria-required=\"true\" aria-invalid=\"false\" value=\"\" type=\"text\" name=\"your-name\" \/><\/span>\n<\/p>\n<p>E-mail (k\u00f6telez\u0151)\n<\/p>\n<p><span class=\"wpcf7-form-control-wrap\" data-name=\"your-email\"><input size=\"40\" maxlength=\"400\" class=\"wpcf7-form-control wpcf7-email wpcf7-validates-as-required wpcf7-text wpcf7-validates-as-email\" aria-required=\"true\" aria-invalid=\"false\" value=\"\" type=\"email\" name=\"your-email\" \/><\/span>\n<\/p>\n<p>T\u00e1rgy\n<\/p>\n<p><span class=\"wpcf7-form-control-wrap\" data-name=\"your-subject\"><input size=\"40\" maxlength=\"400\" class=\"wpcf7-form-control wpcf7-text\" aria-invalid=\"false\" value=\"\" type=\"text\" name=\"your-subject\" \/><\/span>\n<\/p>\n<p>Az \u00f6n \u00fczenete\n<\/p>\n<p><span class=\"wpcf7-form-control-wrap\" data-name=\"your-message\"><textarea cols=\"40\" rows=\"10\" maxlength=\"2000\" class=\"wpcf7-form-control wpcf7-textarea\" aria-invalid=\"false\" name=\"your-message\"><\/textarea><\/span>\n<\/p>\n<p><span class=\"wpcf7-form-control-wrap\" data-name=\"suhlas\"><span class=\"wpcf7-form-control wpcf7-acceptance\"><span class=\"wpcf7-list-item\"><label><input type=\"checkbox\" name=\"suhlas\" value=\"1\" aria-invalid=\"false\" \/><span class=\"wpcf7-list-item-label\">*<a class=\"accept-box\" href=\"\/hu\/szemelyes-adatok-feldolgozasa\">Ezzel beleegyezem a szem\u00e9lyes adataim feldolgoz\u00e1s\u00e1ba.<\/a><\/span><\/label><\/span><\/span><\/span>\n<\/p>\n<div class=\"fusion-one-full one_full fusion-layout-column fusion-spacing-yes fusion-column-last google-recaptcha\">\n\t<p>Az \u0171rlap a reCAPTCHA \u00e9s a Google <a href=\"https:\/\/policies.google.com\/privacy\" target=\"_blank\" >szem\u00e9lyes adatok feldolgoz\u00e1s\u00e1val<\/a> \u00e9s a <a href=\"https:\/\/policies.google.com\/terms\" target=\"_blank\">haszn\u00e1lati felt\u00e9teleivel<\/a>van v\u00e9dve.\n\t<\/p>\n<\/div>\n<p><input class=\"wpcf7-form-control wpcf7-submit has-spinner\" type=\"submit\" value=\"K\u00fcld\u00e9s\" \/>\n<\/p><div class=\"fusion-alert alert custom alert-custom fusion-alert-center wpcf7-response-output awb-alert-native-link-color alert-dismissable awb-alert-close-boxed\" style=\"--awb-border-size:1px;--awb-border-top-left-radius:0px;--awb-border-top-right-radius:0px;--awb-border-bottom-left-radius:0px;--awb-border-bottom-right-radius:0px;\" role=\"alert\"><div class=\"fusion-alert-content-wrapper\"><span class=\"fusion-alert-content\"><\/span><\/div><button type=\"button\" class=\"close toggle-alert\" data-dismiss=\"alert\" aria-label=\"Close\">&times;<\/button><\/div>\n<\/form>\n<\/div>\n\n<\/div><div class=\"fusion-clearfix\"><\/div><\/div><\/div><\/div><\/div><div class=\"fusion-bg-parallax\" data-bg-align=\"center center\" data-direction=\"down\" data-mute=\"false\" data-opacity=\"100\" data-velocity=\"-0.5\" data-mobile-enabled=\"false\" data-break_parents=\"0\" data-bg-image=\"http:\/\/www.agroderby.sk\/hu\/wp-content\/uploads\/2015\/09\/banner-kontakt.jpg\" data-bg-repeat=\"false\" ><\/div><div class=\"fusion-fullwidth fullwidth-box fusion-builder-row-3 fusion-parallax-down kontakt-tri hundred-percent-fullwidth non-hundred-percent-height-scrolling fusion-equal-height-columns\" style=\"--awb-border-radius-top-left:0px;--awb-border-radius-top-right:0px;--awb-border-radius-bottom-right:0px;--awb-border-radius-bottom-left:0px;--awb-padding-top:0px;--awb-padding-right:0px;--awb-padding-bottom:0px;--awb-padding-left:0px;--awb-background-image:url(&quot;http:\/\/www.agroderby.sk\/hu\/wp-content\/uploads\/2015\/09\/banner-kontakt.jpg&quot;);--awb-background-size:cover;--awb-border-sizes-top:0px;--awb-border-sizes-bottom:0px;--awb-flex-wrap:wrap;\" ><div class=\"fusion-builder-row fusion-row\"><div class=\"fusion-layout-column fusion_builder_column fusion-builder-column-2 fusion_builder_column_1_3 1_3 fusion-one-third fusion-column-first fusion-animated\" style=\"--awb-padding-top:50px;--awb-padding-right:0px;--awb-padding-bottom:20px;--awb-padding-left:0px;--awb-bg-size:cover;\" data-animationType=\"slideInLeft\" data-animationDuration=\"1\" data-animationOffset=\"top-mid-of-view\"><div class=\"fusion-column-wrapper fusion-flex-column-wrapper-legacy\"><div class=\"fusion-text fusion-text-4\"><h2>C\u00edm<\/h2>\n<p><strong>Agro-derby spol s r.o.<\/strong><br \/>\nFels\u0151v\u00e1ly 208<br \/>\nAls\u00f3k\u00e1losa 982 52<br \/>\nSzlov\u00e1kia<\/p>\n<\/div><div class=\"fusion-clearfix\"><\/div><\/div><\/div><div class=\"fusion-layout-column fusion_builder_column fusion-builder-column-3 fusion_builder_column_1_3 1_3 fusion-one-third fusion-animated\" style=\"--awb-padding-top:50px;--awb-padding-right:0px;--awb-padding-bottom:20px;--awb-padding-left:0px;--awb-bg-size:cover;\" data-animationType=\"slideInLeft\" data-animationDuration=\"0.8\" data-animationOffset=\"top-mid-of-view\"><div class=\"fusion-column-wrapper fusion-flex-column-wrapper-legacy\"><div class=\"fusion-text fusion-text-5\"><h2>Munkaid\u0151<\/h2>\n<p>Munkanapokon: 7:00-16:00<\/p>\n<\/div><div class=\"fusion-clearfix\"><\/div><\/div><\/div><div class=\"fusion-layout-column fusion_builder_column fusion-builder-column-4 fusion_builder_column_1_3 1_3 fusion-one-third fusion-column-last fusion-animated\" style=\"--awb-padding-top:50px;--awb-padding-right:0px;--awb-padding-bottom:20px;--awb-padding-left:0px;--awb-bg-size:cover;\" data-animationType=\"slideInLeft\" data-animationDuration=\"0.6\" data-animationOffset=\"top-mid-of-view\"><div class=\"fusion-column-wrapper fusion-flex-column-wrapper-legacy\"><div class=\"fusion-text fusion-text-6\"><h2>Telefonsz\u00e1m:<\/h2>\n<p>Kalas Zsolt: <a href=\"tel:+421903781506\">+421 903 781 506 <\/a><br \/>\nKalas B\u00e9la: <a href=\"tel:+421910785786\">+421 910 785 786<\/a><\/p>\n<\/div><div class=\"fusion-clearfix\"><\/div><\/div><\/div><\/div><\/div><\/p>\n","protected":false},"excerpt":{"rendered":"","protected":false},"author":1,"featured_media":0,"parent":0,"menu_order":0,"comment_status":"closed","ping_status":"closed","template":"100-width.php","meta":{"footnotes":""},"class_list":["post-847","page","type-page","status-publish","hentry"],"yoast_head":"<!-- This site is optimized with the Yoast SEO plugin v23.4 - https:\/\/yoast.com\/wordpress\/plugins\/seo\/ -->\n<title>Kapcsolat - Agro-derby spol s r.o.<\/title>\n<meta name=\"robots\" content=\"index, follow, max-snippet:-1, max-image-preview:large, max-video-preview:-1\" \/>\n<link rel=\"canonical\" href=\"https:\/\/www.agroderby.sk\/hu\/kapcsolat\/\" \/>\n<meta property=\"og:locale\" content=\"sk_SK\" \/>\n<meta property=\"og:type\" content=\"article\" \/>\n<meta property=\"og:title\" content=\"Kapcsolat - Agro-derby spol s r.o.\" \/>\n<meta property=\"og:url\" content=\"https:\/\/www.agroderby.sk\/hu\/kapcsolat\/\" \/>\n<meta property=\"og:site_name\" content=\"Agro-derby spol s r.o.\" \/>\n<meta property=\"article:modified_time\" content=\"2024-09-18T11:47:31+00:00\" \/>\n<meta name=\"twitter:card\" content=\"summary_large_image\" \/>\n<meta name=\"twitter:label1\" content=\"Predpokladan\u00fd \u010das \u010d\u00edtania\" \/>\n\t<meta name=\"twitter:data1\" content=\"4 min\u00faty\" \/>\n<script type=\"application\/ld+json\" class=\"yoast-schema-graph\">{\"@context\":\"https:\/\/schema.org\",\"@graph\":[{\"@type\":\"WebPage\",\"@id\":\"https:\/\/www.agroderby.sk\/hu\/kapcsolat\/\",\"url\":\"https:\/\/www.agroderby.sk\/hu\/kapcsolat\/\",\"name\":\"Kapcsolat - Agro-derby spol s r.o.\",\"isPartOf\":{\"@id\":\"https:\/\/www.agroderby.sk\/hu\/#website\"},\"datePublished\":\"2015-09-22T19:53:34+00:00\",\"dateModified\":\"2024-09-18T11:47:31+00:00\",\"breadcrumb\":{\"@id\":\"https:\/\/www.agroderby.sk\/hu\/kapcsolat\/#breadcrumb\"},\"inLanguage\":\"sk-SK\",\"potentialAction\":[{\"@type\":\"ReadAction\",\"target\":[\"https:\/\/www.agroderby.sk\/hu\/kapcsolat\/\"]}]},{\"@type\":\"BreadcrumbList\",\"@id\":\"https:\/\/www.agroderby.sk\/hu\/kapcsolat\/#breadcrumb\",\"itemListElement\":[{\"@type\":\"ListItem\",\"position\":1,\"name\":\"Domovsk\u00e1 str\u00e1nka\",\"item\":\"https:\/\/www.agroderby.sk\/hu\/\"},{\"@type\":\"ListItem\",\"position\":2,\"name\":\"Kapcsolat\"}]},{\"@type\":\"WebSite\",\"@id\":\"https:\/\/www.agroderby.sk\/hu\/#website\",\"url\":\"https:\/\/www.agroderby.sk\/hu\/\",\"name\":\"Agro-derby spol s r.o.\",\"description\":\"Polnohospod\u00e1rstvo a chovatelstvo\",\"potentialAction\":[{\"@type\":\"SearchAction\",\"target\":{\"@type\":\"EntryPoint\",\"urlTemplate\":\"https:\/\/www.agroderby.sk\/hu\/?s={search_term_string}\"},\"query-input\":{\"@type\":\"PropertyValueSpecification\",\"valueRequired\":true,\"valueName\":\"search_term_string\"}}],\"inLanguage\":\"sk-SK\"}]}<\/script>\n<!-- \/ Yoast SEO plugin. -->","yoast_head_json":{"title":"Kapcsolat - Agro-derby spol s r.o.","robots":{"index":"index","follow":"follow","max-snippet":"max-snippet:-1","max-image-preview":"max-image-preview:large","max-video-preview":"max-video-preview:-1"},"canonical":"https:\/\/www.agroderby.sk\/hu\/kapcsolat\/","og_locale":"sk_SK","og_type":"article","og_title":"Kapcsolat - Agro-derby spol s r.o.","og_url":"https:\/\/www.agroderby.sk\/hu\/kapcsolat\/","og_site_name":"Agro-derby spol s r.o.","article_modified_time":"2024-09-18T11:47:31+00:00","twitter_card":"summary_large_image","twitter_misc":{"Predpokladan\u00fd \u010das \u010d\u00edtania":"4 min\u00faty"},"schema":{"@context":"https:\/\/schema.org","@graph":[{"@type":"WebPage","@id":"https:\/\/www.agroderby.sk\/hu\/kapcsolat\/","url":"https:\/\/www.agroderby.sk\/hu\/kapcsolat\/","name":"Kapcsolat - Agro-derby spol s r.o.","isPartOf":{"@id":"https:\/\/www.agroderby.sk\/hu\/#website"},"datePublished":"2015-09-22T19:53:34+00:00","dateModified":"2024-09-18T11:47:31+00:00","breadcrumb":{"@id":"https:\/\/www.agroderby.sk\/hu\/kapcsolat\/#breadcrumb"},"inLanguage":"sk-SK","potentialAction":[{"@type":"ReadAction","target":["https:\/\/www.agroderby.sk\/hu\/kapcsolat\/"]}]},{"@type":"BreadcrumbList","@id":"https:\/\/www.agroderby.sk\/hu\/kapcsolat\/#breadcrumb","itemListElement":[{"@type":"ListItem","position":1,"name":"Domovsk\u00e1 str\u00e1nka","item":"https:\/\/www.agroderby.sk\/hu\/"},{"@type":"ListItem","position":2,"name":"Kapcsolat"}]},{"@type":"WebSite","@id":"https:\/\/www.agroderby.sk\/hu\/#website","url":"https:\/\/www.agroderby.sk\/hu\/","name":"Agro-derby spol s r.o.","description":"Polnohospod\u00e1rstvo a chovatelstvo","potentialAction":[{"@type":"SearchAction","target":{"@type":"EntryPoint","urlTemplate":"https:\/\/www.agroderby.sk\/hu\/?s={search_term_string}"},"query-input":{"@type":"PropertyValueSpecification","valueRequired":true,"valueName":"search_term_string"}}],"inLanguage":"sk-SK"}]}},"_links":{"self":[{"href":"https:\/\/www.agroderby.sk\/hu\/wp-json\/wp\/v2\/pages\/847"}],"collection":[{"href":"https:\/\/www.agroderby.sk\/hu\/wp-json\/wp\/v2\/pages"}],"about":[{"href":"https:\/\/www.agroderby.sk\/hu\/wp-json\/wp\/v2\/types\/page"}],"author":[{"embeddable":true,"href":"https:\/\/www.agroderby.sk\/hu\/wp-json\/wp\/v2\/users\/1"}],"replies":[{"embeddable":true,"href":"https:\/\/www.agroderby.sk\/hu\/wp-json\/wp\/v2\/comments?post=847"}],"version-history":[{"count":61,"href":"https:\/\/www.agroderby.sk\/hu\/wp-json\/wp\/v2\/pages\/847\/revisions"}],"predecessor-version":[{"id":1525,"href":"https:\/\/www.agroderby.sk\/hu\/wp-json\/wp\/v2\/pages\/847\/revisions\/1525"}],"wp:attachment":[{"href":"https:\/\/www.agroderby.sk\/hu\/wp-json\/wp\/v2\/media?parent=847"}],"curies":[{"name":"wp","href":"https:\/\/api.w.org\/{rel}","templated":true}]}}